{"id":945,"date":"2025-09-22T09:11:22","date_gmt":"2025-09-22T09:11:22","guid":{"rendered":"https:\/\/apartmentsvenice.org\/?page_id=945"},"modified":"2025-10-06T09:32:35","modified_gmt":"2025-10-06T09:32:35","slug":"su-di-noi","status":"publish","type":"page","link":"https:\/\/apartmentsvenice.org\/it\/su-di-noi\/","title":{"rendered":"Su di noi"},"content":{"rendered":"\n<p>Apartmentsvenice.org \u00e8 un portale di ricerca e prenotazione di appartamenti ad uso turistico a Venezia. La nostra offerta ricca e l\u2019altrettanto valida esperienza consolidata in pi\u00f9 di un decennio di attivit\u00e0 a Venezia, sia online che offline, permette a quanti desiderino scoprire il fascino della&nbsp;citt\u00e0 pi\u00f9 bella del mondo di trovare la soluzione&nbsp;pi\u00f9 adatta alle proprie esigenze: abbiamo infatti appartamenti per famiglie, per coppie, di lusso o pi\u00f9 economici, vicini alla stazione Venezia S.Lucia, in zona Ghetto, verso&nbsp;S.Croce o nei pressi di San Marco.<\/p>\n\n\n\n<div style=\"height:20px\" aria-hidden=\"true\" class=\"wp-block-spacer\"><\/div>\n\n\n\n<h1 class=\"wp-block-heading\">Condizioni di Affitto<\/h1>\n\n\n\n<p>Di seguito elenchiamo alcune delle condizioni di affitto vigenti per tutti i nostri appartamenti:<\/p>\n\n\n\n<ul class=\"wp-block-list\">\n<li>la colazione non \u00e8 mai compresa nella tariffa, trattandosi di appartamenti indipendenti e non legati ad alcuna struttura ricettiva.<\/li>\n\n\n\n<li>ciascun appartamento potrebbe richiedere a parte le spese di pulizia a fine soggiorno.<\/li>\n\n\n\n<li>le utenze (acqua, luce, gas)&nbsp;sono di norma sempre comprese, salvo differenti specifiche enunciate all\u2019interno della scheda dell\u2019appartamento.<\/li>\n\n\n\n<li>al check in l\u2019accompagnatore domander\u00e0 una cauzione che vi verr\u00e0 restituita al momento del check out, una volta controllato assieme l\u2019appartamento, che deve essere riconsegnato nelle stesse condizioni in cui versava all\u2019arrivo.<\/li>\n\n\n\n<li>Tasse ed altri oneri sono compresi nel prezzo.<\/li>\n<\/ul>\n\n\n\n<p>Un servizio di assistenza continuo per i nostri ospiti: in qualsiasi momento \u00e8 possibile contattare il nostro staff che far\u00e0 il possibile per rispondere alle Vostre richieste, a partire dal servizio di accoglienza, da fissare preventivamente, fino alla Vostra partenza.<\/p>\n\n\n\n<div style=\"height:20px\" aria-hidden=\"true\" class=\"wp-block-spacer\"><\/div>\n\n\n\n<h1 class=\"wp-block-heading\">Prenotazioni<\/h1>\n\n\n\n<p>Prenotare il tuo appartamento a Venezia non \u00e8 mai stato cos\u00ec facile: grazie al nostro sistema di mapping integrato con tutti i nostri appartamenti, basta un colpo d\u2019occhio per individuare la posizione che pi\u00f9 gradite,&nbsp;controllare le caratteristiche dell\u2019appartamento indidividuato e, se disponibile, prenotarlo online grazie al sistema di Booking istantaneo, inserendo i Vostri dettagli comprensivi del numero di carta di credito, come garanzia della prenotazione. Se invece non trovaste nulla o qualora necessitaste di ulteriori dettagli, ciascun appartamento dispone di un form tramite cui richiedere maggiori informazioni: verrete poi ricontattati immediatamente via mail dal nostro staff.<\/p>\n\n\n\n<p>Una volta completata la prenotazione e ricevuta la mail di conferma, nel giro di qualche giorno verrete contattati via mail sempre per eventuali comunicazioni non fornite, quali l\u2019orario di arrivo, esigenze particolari o altro.<\/p>\n\n\n\n<p>Ricordiamo a tutti inoltre che a fronte di ciascuna prenotazione il nostro staff prelever\u00e0 l\u2019importo della prima notte dalla Vostra carta di credito (o se non in possesso di carta ce lo faremo inviare tramite vaglia postale o bonifico bancario), un mese esatto prima del Vostro arrivo, con carattere di \u201cdeposito non rimborsabile\u201d. Verrete comunque informati di ci\u00f2 preventivamente.<\/p>\n\n\n\n<div style=\"height:20px\" aria-hidden=\"true\" class=\"wp-block-spacer\"><\/div>\n\n\n\n<h1 class=\"wp-block-heading\">Scopri Venice!<\/h1>\n\n\n\n<p>\u201c<strong>Venezia<\/strong>, una citt\u00e0 unica al mondo, irripetibile, immortale, indescrivibile. In realt\u00e0 non potrei trovare un unico motivo a sostegno della mia tesi, semplicemente \u00e8 cos\u00ec, con tutti i suoi pregi e i suoi limiti&nbsp;<strong>Venezia<\/strong>&nbsp;\u00e8 stata, \u00e8, e per sempre sar\u00e0 la citt\u00e0 pi\u00f9 bella del mondo\u201d.<\/p>\n\n\n\n<p><strong>Venezia<\/strong>&nbsp;storicamente si divide in sei quartieri, denominati \u201c<strong>Sestieri<\/strong>\u201c, pi\u00f9 l\u2019isola della Giudecca, divenuta parte della citt\u00e0 solo di recente, giacch\u00e8 in passato costituiva luogo di villeggiatura \u201cdi campagna\u201d dei nobili veneziani. Tra questi sei, quello pi\u00f9 noto alla maggior parte dei turisti \u00e8 senz\u2019ombra di dubbio&nbsp;<a href=\"https:\/\/www.apartmentsvenice.org\/it\/vieni-a-scoprire-venezia-con-noi\/i-sestieri-di-venezia-san-marco\/\"><strong>San Marco<\/strong><\/a>, sestiere in cui si trovano l\u2019omonina piazza, comprendente&nbsp;<strong>Basilica<\/strong>,&nbsp;<strong>Palazzo Ducale<\/strong>&nbsp;e prigioni, Ponte dei sospiri, procuratie e&nbsp;<strong>Campanile<\/strong>, il&nbsp;<strong>Ponte di Rialto<\/strong>, il teatro&nbsp;<strong>La Fenice<\/strong>&nbsp;e la&nbsp;<strong>scala Contarini del bovolo<\/strong>, tanto per menzionarne solo alcuni. Gli altri cinque sestieri non sono per\u00f2 meno importanti o ricchi di fascino del precedente:&nbsp;<strong><a href=\"https:\/\/www.apartmentsvenice.org\/it\/home\/vieni-a-scoprire-venezia\/i-sestieri-di-venezia-castello\/\" target=\"_blank\" rel=\"noreferrer noopener\">Castello<\/a><\/strong>, adiacente a San Marco, che dopo aver superato Arsenale e Biennale, si allunga fino allo Stadio Penzo;&nbsp;<a href=\"https:\/\/www.apartmentsvenice.org\/it\/vieni-a-scoprire-venezia-con-noi\/i-sestieri-di-venezia-dorsoduro\/\" target=\"_blank\" rel=\"noreferrer noopener\"><strong>Dorsoduro<\/strong><\/a>&nbsp;\u201cpancia del pesce\u201d se si guarda a Venezia come un grande pesce, capace di offrire numerosi spunti culturali, dal Guggenheim alla Punta della Dogana (fondazione Pinault), all\u2019universit\u00e0&nbsp;<strong>Ca\u2019 Foscari<\/strong>, a&nbsp;<strong>Ca\u2019 Rezzonico<\/strong>, e soprattutto alle&nbsp;<strong>Gallerie dell\u2019Accademia<\/strong>.&nbsp;<a href=\"https:\/\/www.apartmentsvenice.org\/it\/vieni-a-scoprire-venezia-con-noi\/i-sestieri-di-venezia-santa-croce\/\"><strong>Santa Croce<\/strong><\/a>&nbsp;e&nbsp;<a href=\"https:\/\/www.apartmentsvenice.org\/it\/vieni-a-scoprire-venezia-con-noi\/i-sestieri-di-venezia-san-polo\/\"><strong>S.Polo<\/strong><\/a>&nbsp;quasi non si distinguono, piccoli ed adiacenti, intricati in quei dedali infiniti di calli che si snodano apparentemente prive d\u2019un senso logico ma in realt\u00e0 concepite in modo perfettamente razionale per tagliare campi e campielli e facilitar la strada al viandante:&nbsp;<strong>Campo S.Polo<\/strong>, la chiesa dei&nbsp;<strong>Frari<\/strong>,&nbsp;<strong>S.Rocco<\/strong>, l\u2019<strong>Erbaria<\/strong>,&nbsp;<strong>S.Giovanni Evangelista<\/strong>,&nbsp;<strong>Ca\u2019 Pesaro<\/strong>, Palazzo Querini Dobois, il&nbsp;<strong>Fontego dei Turchi<\/strong>&nbsp;e chi pi\u00f9 ne ha pi\u00f9 ne metta. Infine&nbsp;<strong><a href=\"https:\/\/www.apartmentsvenice.org\/it\/home\/vieni-a-scoprire-venezia\/i-sestieri-di-venezia-cannaregio\/\" target=\"_blank\" rel=\"noreferrer noopener\">Cannaregio<\/a><\/strong>, cuore pulsante della Venezia verace, con le sue calli un tempo malfamate ora battute anch\u2019esse dal turismo, luogo d\u2019incontro di Veneziani e turisti, affascinante e pieno di angoli meravigliosi, dalla Chiesa dei Miracoli al&nbsp;<strong><a href=\"https:\/\/www.apartmentsvenice.org\/it\/home\/vieni-a-scoprire-venezia\/il-ghetto-di-venezia\/\">Ghetto ebraico<\/a><\/strong>, da Campo San Geremia alla&nbsp;<strong>Ca d\u2019Oro<\/strong>, senza dimenticare il mitico&nbsp;<strong>Casin\u00f2 di Venezia<\/strong>.<\/p>\n\n\n\n<p>Due sono le porte di accesso principali di&nbsp;<strong>Venezia<\/strong>, rispettivamente la Stazione Ferroviaria S.Lucia e Piazzale Roma, dove fermano gli autobus, l\u2019ultimo punto a cui \u00e8 possibile giungere e parcheggiare la propria vettura qualora veniate in citt\u00e0 con mezzi propri; a partire dal 2008 il contestato ponte di Calatrava (o della Costituzione) ha di fatto unito i due luoghi pi\u00f9 trafficati della citt\u00e0. Arrivando dalla Stazione S.Lucia la vista che vi si para d\u2019inanzi \u00e8 maestosa: il&nbsp;<strong>Canal Grande<\/strong>, in tutta la sua meraviglia, lungo le cui sponde si affacciano palazzi di una bellezza quasi irreale, attraversato dal ponte degli scalzi, in marmo bianco, elegante e leggero come una libellula, e sullo sfondo la chiesa di S.Simeon Piccolo, capace tant\u2019\u00e8 sontuosa di ricordare con le sue forme niente meno che il Pantheon di Roma. Proseguendo lungo la strada principale, denominata&nbsp;<strong>Lista di Spagna<\/strong>, incontrerete tutto ci\u00f2 di cui potreste avere bisogno: negozi, bar, ristoranti, hotels, appartamenti ad uso turistico, perfino l\u2019internet point, fino ad arrivare al Ponte delle Guglie, da cui dovrete poi scegliere se proseguire ancora o se tuffarvi nell\u2019incanto del&nbsp;<strong><a href=\"https:\/\/www.apartmentsvenice.org\/it\/home\/vieni-a-scoprire-venezia\/il-ghetto-di-venezia\/\">Ghetto di Venezia<\/a><\/strong>, splendida zona veneziana, ricca di fascino con le sue sinagoghe, il museo, i negozi ebraici e tutto quello che di esso fa parte.<\/p>\n","protected":false},"excerpt":{"rendered":"<p>Apartmentsvenice.org \u00e8 un portale di ricerca e prenotazione di appartamenti ad uso turistico a Venezia. La nostra offerta ricca e l\u2019altrettanto valida esperienza consolidata in pi\u00f9 di un decennio di attivit\u00e0 a Venezia, sia online che offline, permette a quanti desiderino scoprire il fascino della&nbsp;citt\u00e0 pi\u00f9 bella del mondo di trovare la soluzione&nbsp;pi\u00f9 adatta alle [&hellip;]<\/p>\n","protected":false},"author":1,"featured_media":1630,"parent":0,"menu_order":0,"comment_status":"closed","ping_status":"closed","template":"","meta":{"_acf_changed":false,"footnotes":""},"class_list":["post-945","page","type-page","status-publish","has-post-thumbnail","hentry"],"acf":[],"_links":{"self":[{"href":"https:\/\/apartmentsvenice.org\/it\/wp-json\/wp\/v2\/pages\/945","targetHints":{"allow":["GET"]}}],"collection":[{"href":"https:\/\/apartmentsvenice.org\/it\/wp-json\/wp\/v2\/pages"}],"about":[{"href":"https:\/\/apartmentsvenice.org\/it\/wp-json\/wp\/v2\/types\/page"}],"author":[{"embeddable":true,"href":"https:\/\/apartmentsvenice.org\/it\/wp-json\/wp\/v2\/users\/1"}],"replies":[{"embeddable":true,"href":"https:\/\/apartmentsvenice.org\/it\/wp-json\/wp\/v2\/comments?post=945"}],"version-history":[{"count":2,"href":"https:\/\/apartmentsvenice.org\/it\/wp-json\/wp\/v2\/pages\/945\/revisions"}],"predecessor-version":[{"id":1114,"href":"https:\/\/apartmentsvenice.org\/it\/wp-json\/wp\/v2\/pages\/945\/revisions\/1114"}],"wp:featuredmedia":[{"embeddable":true,"href":"https:\/\/apartmentsvenice.org\/it\/wp-json\/wp\/v2\/media\/1630"}],"wp:attachment":[{"href":"https:\/\/apartmentsvenice.org\/it\/wp-json\/wp\/v2\/media?parent=945"}],"curies":[{"name":"wp","href":"https:\/\/api.w.org\/{rel}","templated":true}]}}