{"id":1203,"date":"2025-10-08T07:14:25","date_gmt":"2025-10-08T07:14:25","guid":{"rendered":"https:\/\/apartmentsvenice.org\/?page_id=1203"},"modified":"2025-10-16T13:01:47","modified_gmt":"2025-10-16T13:01:47","slug":"f-a-q","status":"publish","type":"page","link":"https:\/\/apartmentsvenice.org\/it\/f-a-q\/","title":{"rendered":"Faq"},"content":{"rendered":"FAQ\n\n\n<p>Per rendere la tua vacanza a Venezia il pi\u00f9 semplice possibile, non solo durante la prenotazione ma anche durante il soggiorno, ti proponiamo un elenco di domande frequenti con relative risposte utili per organizzarti al meglio:<\/p>\n\n\n<div id=\"rank-math-faq\" class=\"rank-math-block\">\n<div class=\"rank-math-list \">\n<div id=\"faq-question-1759907639614\" class=\"rank-math-list-item\">\n<h3 class=\"rank-math-question \">Durante la scelta e la prenotazione, lo staff \u00e8 disponibile per domande o richieste?<\/h3>\n<div class=\"rank-math-answer \">\n\n<p>S\u00ec, certo. Il nostro staff sar\u00e0 sempre disponibile per aiutarti a scegliere l\u2019appartamento ideale e per qualsiasi chiarimento o domanda. Puoi contattarci via e-mail o telefono. Sul nostro sito troverai tutti i dettagli di ogni appartamento, i servizi disponibili e la mappa con l\u2019indicazione della posizione.<\/p>\n\n<\/div>\n<\/div>\n<div id=\"faq-question-1759908743046\" class=\"rank-math-list-item\">\n<h3 class=\"rank-math-question \">\u00c8 possibile fare il check-in dopo le 23:00? Ci sono costi aggiuntivi dopo le 19:00?<\/h3>\n<div class=\"rank-math-answer \">\n\n<p>Il check-in \u00e8 previsto dalle 15:00 alle 19:00. Il servizio \u00e8 gratuito fino alle 19:00. Dalle 19:00 alle 21:00 si applica un supplemento di 30 \u20ac, da pagare in contanti all\u2019arrivo. Dalle 21:00 alle 23:00 il supplemento \u00e8 di 50 \u20ac, sempre in contanti. Dopo le 23:00 non \u00e8 previsto il servizio di check-in, salvo casi eccezionali (ritardo di treno\/volo, condizioni meteo avverse, ecc.) e con supplemento per arrivo tardivo.<\/p>\n\n<\/div>\n<\/div>\n<div id=\"faq-question-1760618609900\" class=\"rank-math-list-item\">\n<h3 class=\"rank-math-question \">Come viene organizzato il servizio di check-in?<\/h3>\n<div class=\"rank-math-answer \">\n\n<p>Il nostro staff ti contatter\u00e0 per organizzare l\u2019orario e il punto d\u2019incontro, in modo da rendere il tuo arrivo a Venezia il pi\u00f9 semplice possibile. Una volta arrivato, \u00e8 importante rimanere in contatto via e-mail o telefono con lo staff per rispettare gli orari e completare insieme le pratiche di check-in. Ti chiediamo di avvisare in caso di ritardo significativo.<\/p>\n\n<\/div>\n<\/div>\n<div id=\"faq-question-1760618631776\" class=\"rank-math-list-item\">\n<h3 class=\"rank-math-question \">\u00c8 possibile richiedere un check-in anticipato prima delle 15:00?<\/h3>\n<div class=\"rank-math-answer \">\n\n<p>Su richiesta anticipata, e se l\u2019appartamento \u00e8 libero la notte precedente, \u00e8 possibile effettuare un check-in anticipato gratuito prima delle 15:00.<\/p>\n\n<\/div>\n<\/div>\n<div id=\"faq-question-1760618648397\" class=\"rank-math-list-item\">\n<h3 class=\"rank-math-question \">Posso lasciare i bagagli in appartamento dopo il check-out?<\/h3>\n<div class=\"rank-math-answer \">\n\n<p>No, non \u00e8 possibile lasciare i bagagli in appartamento dopo le 11:00.<\/p>\n\n<\/div>\n<\/div>\n<div id=\"faq-question-1760618668062\" class=\"rank-math-list-item\">\n<h3 class=\"rank-math-question \">\u00c8 la mia prima volta a Venezia: lo staff pu\u00f2 darmi consigli sulla citt\u00e0, i luoghi da visitare, dove mangiare e come muovermi?<\/h3>\n<div class=\"rank-math-answer \">\n\n<p>Certamente! Una volta arrivato in appartamento, il nostro staff sar\u00e0 felice di fornirti una mappa di Venezia e tante informazioni utili per rendere il tuo soggiorno piacevole e autentico come un vero locale.<\/p>\n\n<\/div>\n<\/div>\n<div id=\"faq-question-1760618687150\" class=\"rank-math-list-item\">\n<h3 class=\"rank-math-question \">I miei bagagli sono troppo pesanti, cosa posso fare?<\/h3>\n<div class=\"rank-math-answer \">\n\n<p>Se viaggi con molti bagagli difficili da trasportare, ti consigliamo di avvisare in anticipo il nostro staff: \u00e8 possibile organizzare un servizio facchino per aiutarti fino all\u2019appartamento. Questo servizio non \u00e8 fornito da noi ma da portatori autorizzati dal Comune di Venezia.<\/p>\n\n<\/div>\n<\/div>\n<div id=\"faq-question-1760618704377\" class=\"rank-math-list-item\">\n<h3 class=\"rank-math-question \">Come posso raggiungere Venezia dall\u2019aeroporto Marco Polo o da quello di Treviso?<\/h3>\n<div class=\"rank-math-answer \">\n\n<p>&#8211; Dall\u2019aeroporto Marco Polo: puoi prendere la linea Arancio Alilaguna o l\u2019autobus n. 5 per Piazzale Roma.<br \/>&#8211; Dall\u2019aeroporto di Treviso: puoi prendere l\u2019autobus ATVO.<\/p>\n<p>In entrambi i casi, il nostro staff sar\u00e0 a disposizione per fornirti tutte le informazioni utili e aiutarti a scegliere la soluzione pi\u00f9 adatta alle tue esigenze.<\/p>\n\n<\/div>\n<\/div>\n<div id=\"faq-question-1760618728834\" class=\"rank-math-list-item\">\n<h3 class=\"rank-math-question \">\u00c8 possibile organizzare un servizio transfer privato da\/per l\u2019aeroporto o Venezia?<\/h3>\n<div class=\"rank-math-answer \">\n\n<p>S\u00ec, certo. Se ci avvisi in anticipo, \u00e8 possibile richiedere un servizio transfer privato che ti porter\u00e0 direttamente all\u2019appartamento al tuo arrivo o all\u2019aeroporto alla fine del soggiorno. Prezzo e modalit\u00e0 verranno comunicati al momento della richiesta.<\/p>\n\n<\/div>\n<\/div>\n<div id=\"faq-question-1760618761775\" class=\"rank-math-list-item\">\n<h3 class=\"rank-math-question \">Dove posso trovare l\u2019indirizzo dell\u2019appartamento?<\/h3>\n<div class=\"rank-math-answer \">\n\n<p>Navigando sul nostro sito, nelle varie sezioni troverai l\u2019indirizzo e la mappa con la posizione dell\u2019appartamento.<\/p>\n\n<\/div>\n<\/div>\n<div id=\"faq-question-1760618782174\" class=\"rank-math-list-item\">\n<h3 class=\"rank-math-question \">Devo portare lenzuola e asciugamani?<\/h3>\n<div class=\"rank-math-answer \">\n\n<p>No, gli appartamenti sono forniti di lenzuola e asciugamani in base al numero di persone indicate. Sul sito troverai la descrizione dettagliata dei servizi disponibili per ogni appartamento.<\/p>\n\n<\/div>\n<\/div>\n<div id=\"faq-question-1760618801157\" class=\"rank-math-list-item\">\n<h3 class=\"rank-math-question \">Tutti gli appartamenti hanno gli stessi servizi?<\/h3>\n<div class=\"rank-math-answer \">\n\n<p>No, ogni appartamento offre servizi diversi, come indicato nella relativa descrizione.<\/p>\n\n<\/div>\n<\/div>\n<div id=\"faq-question-1760618818692\" class=\"rank-math-list-item\">\n<h3 class=\"rank-math-question \">La colazione \u00e8 inclusa?<\/h3>\n<div class=\"rank-math-answer \">\n\n<p>No, la colazione non \u00e8 inclusa. L\u2019appartamento \u00e8 fornito di alcuni elementi di base come zucchero, caff\u00e8 e t\u00e8. Se desideri altri prodotti come latte, biscotti o un kit colazione completo, puoi richiederlo al momento della prenotazione scegliendo tra i pacchetti extra disponibili.<\/p>\n\n<\/div>\n<\/div>\n<div id=\"faq-question-1760618839169\" class=\"rank-math-list-item\">\n<h3 class=\"rank-math-question \">Il Wi-Fi \u00e8 disponibile in tutti gli appartamenti?<\/h3>\n<div class=\"rank-math-answer \">\n\n<p>S\u00ec, il Wi-Fi gratuito \u00e8 disponibile in tutti i nostri appartamenti.<\/p>\n\n<\/div>\n<\/div>\n<div id=\"faq-question-1760618861952\" class=\"rank-math-list-item\">\n<h3 class=\"rank-math-question \">L\u2019aria condizionata \u00e8 disponibile in tutti gli appartamenti?<\/h3>\n<div class=\"rank-math-answer \">\n\n<p>L\u2019aria condizionata \u00e8 disponibile in tutti gli appartamenti, tranne nello Zattere Flat. All\u2019interno della descrizione di ciascun appartamento troverai l\u2019elenco completo dei servizi.<\/p>\n\n<\/div>\n<\/div>\n<div id=\"faq-question-1760618880605\" class=\"rank-math-list-item\">\n<h3 class=\"rank-math-question \">Posso richiedere il servizio di pulizia durante il soggiorno?<\/h3>\n<div class=\"rank-math-answer \">\n\n<p>S\u00ec, durante il soggiorno puoi richiedere un servizio di pulizia extra non incluso nel prezzo, fornito da una ditta esterna.<\/p>\n\n<\/div>\n<\/div>\n<div id=\"faq-question-1760618891653\" class=\"rank-math-list-item\">\n<h3 class=\"rank-math-question \">Sono ammessi animali domestici negli appartamenti?<\/h3>\n<div class=\"rank-math-answer \">\n\n<p>Solo dove specificato nella descrizione dell\u2019appartamento.<br \/>L\u2019appartamento Zappa dispone di un giardino privato adatto ad accogliere il tuo animale domestico.<\/p>\n\n<\/div>\n<\/div>\n<div id=\"faq-question-1760618910515\" class=\"rank-math-list-item\">\n<h3 class=\"rank-math-question \">\u00c8 disponibile una culla per bambini in appartamento?<\/h3>\n<div class=\"rank-math-answer \">\n\n<p>Se richiesta in anticipo, possiamo fornire una culla completa di lenzuola.<\/p>\n\n<\/div>\n<\/div>\n<div id=\"faq-question-1760618936180\" class=\"rank-math-list-item\">\n<h3 class=\"rank-math-question \">Quante persone possono soggiornare in appartamento?<\/h3>\n<div class=\"rank-math-answer \">\n\n<p>Nella descrizione di ogni appartamento \u00e8 indicato il numero massimo di persone che possono soggiornare.<\/p>\n\n<\/div>\n<\/div>\n<div id=\"faq-question-1760618952635\" class=\"rank-math-list-item\">\n<h3 class=\"rank-math-question \">Posso visitare l\u2019appartamento prima di prenotare?<\/h3>\n<div class=\"rank-math-answer \">\n\n<p>No, questo servizio non \u00e8 disponibile.<\/p>\n\n<\/div>\n<\/div>\n<div id=\"faq-question-1760618969436\" class=\"rank-math-list-item\">\n<h3 class=\"rank-math-question \">Posso usare riscaldamento e aria condizionata tutto l\u2019anno?<\/h3>\n<div class=\"rank-math-answer \">\n\n<p>Il riscaldamento e l\u2019aria condizionata funzionano nei periodi stabiliti dalla legge italiana per la zona di Venezia. Riscaldamento: da met\u00e0 ottobre a inizio aprile, temperatura massima 20\u201323 \u00b0C. Aria condizionata: consentita da giugno a settembre.<\/p>\n\n<\/div>\n<\/div>\n<\/div>\n<\/div>\n","protected":false},"excerpt":{"rendered":"<p>FAQ Per rendere la tua vacanza a Venezia il pi\u00f9 semplice possibile, non solo durante la prenotazione ma anche durante il soggiorno, ti proponiamo un elenco di domande frequenti con relative risposte utili per organizzarti al meglio:<\/p>\n","protected":false},"author":1,"featured_media":0,"parent":0,"menu_order":0,"comment_status":"closed","ping_status":"closed","template":"","meta":{"_acf_changed":false,"footnotes":""},"class_list":["post-1203","page","type-page","status-publish","hentry"],"acf":[],"_links":{"self":[{"href":"https:\/\/apartmentsvenice.org\/it\/wp-json\/wp\/v2\/pages\/1203","targetHints":{"allow":["GET"]}}],"collection":[{"href":"https:\/\/apartmentsvenice.org\/it\/wp-json\/wp\/v2\/pages"}],"about":[{"href":"https:\/\/apartmentsvenice.org\/it\/wp-json\/wp\/v2\/types\/page"}],"author":[{"embeddable":true,"href":"https:\/\/apartmentsvenice.org\/it\/wp-json\/wp\/v2\/users\/1"}],"replies":[{"embeddable":true,"href":"https:\/\/apartmentsvenice.org\/it\/wp-json\/wp\/v2\/comments?post=1203"}],"version-history":[{"count":3,"href":"https:\/\/apartmentsvenice.org\/it\/wp-json\/wp\/v2\/pages\/1203\/revisions"}],"predecessor-version":[{"id":1300,"href":"https:\/\/apartmentsvenice.org\/it\/wp-json\/wp\/v2\/pages\/1203\/revisions\/1300"}],"wp:attachment":[{"href":"https:\/\/apartmentsvenice.org\/it\/wp-json\/wp\/v2\/media?parent=1203"}],"curies":[{"name":"wp","href":"https:\/\/api.w.org\/{rel}","templated":true}]}}