{"id":949,"date":"2025-09-22T09:11:22","date_gmt":"2025-09-22T09:11:22","guid":{"rendered":"https:\/\/apartmentsvenice.org\/?page_id=949"},"modified":"2025-10-06T09:29:56","modified_gmt":"2025-10-06T09:29:56","slug":"a-propos-de-nous","status":"publish","type":"page","link":"https:\/\/apartmentsvenice.org\/fr\/a-propos-de-nous\/","title":{"rendered":"\u00c0 propos de nous"},"content":{"rendered":"\n<p>ApartmentsVenice.org est un site internet o\u00f9 il est possible de consulter et de r\u00e9server votre appartement \u00e0 Venise \u00e0 des fins touristiques. Notre large offre, associ\u00e9e \u00e0 plus de 10 ans d\u2019exp\u00e9rience \u00e0 Venise, en ligne et hors ligne, permet \u00e0 ceux qui souhaitent d\u00e9couvrir la fascinante ville de Venise de trouver la solution la plus adapt\u00e9e \u00e0 leurs besoins. Nous avons des appartements partout : dans le quartier du Ghetto, pr\u00e8s de la gare de Venise S. Lucia, \u00e0 proximit\u00e9 de la place Saint-Marc ou dans le quartier de Santa Croce, des appartements de luxe pour les couples en qu\u00eate d\u2019\u00e9l\u00e9gance ou des appartements \u00e9conomiques pour les familles avec de jeunes enfants.<\/p>\n\n\n\n<div style=\"height:20px\" aria-hidden=\"true\" class=\"wp-block-spacer\"><\/div>\n\n\n\n<h2 class=\"wp-block-heading\">Conditions de location<\/h2>\n\n\n\n<p>Voici un r\u00e9sum\u00e9 des principales conditions de location :<\/p>\n\n\n\n<ul class=\"wp-block-list\">\n<li>Le petit-d\u00e9jeuner n\u2019est jamais inclus dans le prix, car nous proposons des appartements et non des chambres d\u2019h\u00f4tel. Cependant, tous nos appartements disposent d\u2019une cuisine \u00e9quip\u00e9e.<\/li>\n\n\n\n<li>Chaque appartement pr\u00e9voit un suppl\u00e9ment pour le m\u00e9nage apr\u00e8s votre s\u00e9jour.<\/li>\n\n\n\n<li>L\u2019\u00e9lectricit\u00e9, l\u2019eau et le chauffage sont inclus dans le prix.<\/li>\n\n\n\n<li>\u00c0 votre arriv\u00e9e, nous v\u00e9rifierons avec vous l\u2019\u00e9tat de l\u2019appartement et de ses \u00e9quipements (vaisselle, couverts, etc.). Un d\u00e9p\u00f4t de garantie vous sera demand\u00e9 et restitu\u00e9 lors du d\u00e9part apr\u00e8s v\u00e9rification.<\/li>\n\n\n\n<li>Les taxes sont incluses dans le prix.<\/li>\n\n\n\n<li>Assistance en temps r\u00e9el : vous pouvez nous contacter \u00e0 tout moment, avant votre arriv\u00e9e pour convenir du point de rencontre, pendant votre s\u00e9jour pour toute information ou besoin, et m\u00eame apr\u00e8s votre d\u00e9part si vous avez oubli\u00e9 quelque chose et souhaitez que nous vous l\u2019envoyions.<\/li>\n<\/ul>\n\n\n\n<div style=\"height:20px\" aria-hidden=\"true\" class=\"wp-block-spacer\"><\/div>\n\n\n\n<h2 class=\"wp-block-heading\">R\u00e9servation<\/h2>\n\n\n\n<p>R\u00e9server votre appartement \u00e0 Venise n\u2019a jamais \u00e9t\u00e9 aussi simple. Gr\u00e2ce \u00e0 notre syst\u00e8me de cartographie li\u00e9 \u00e0 nos appartements, il suffit de quelques secondes pour visualiser et s\u00e9lectionner l\u2019emplacement qui vous convient, consulter ses caract\u00e9ristiques, les comparer avec d\u2019autres options puis utiliser notre moteur de r\u00e9servation instantan\u00e9e. Il vous suffit d\u2019indiquer vos coordonn\u00e9es personnelles ainsi que vos informations bancaires.<\/p>\n\n\n\n<p>Vous pouvez aussi remplir le formulaire de demande pour obtenir plus d\u2019informations, ou bien nous demander une autre solution si vous ne trouvez pas imm\u00e9diatement ce qui vous convient. Notre \u00e9quipe vous contactera rapidement par e-mail.<\/p>\n\n\n\n<p>Une fois votre r\u00e9servation effectu\u00e9e, vous recevrez sous quelques jours une communication vous demandant des pr\u00e9cisions, notamment votre heure d\u2019arriv\u00e9e pr\u00e9vue, afin de fixer le rendez-vous.<\/p>\n\n\n\n<p>Nous vous rappelons \u00e9galement qu\u2019un mois avant votre arriv\u00e9e, nous d\u00e9biterons la premi\u00e8re nuit de votre s\u00e9jour comme acompte de confirmation non remboursable. Si vous n\u2019avez pas de carte bancaire, vous pouvez effectuer un virement bancaire au moment de la r\u00e9servation. Bien entendu, toutes ces informations vous seront confirm\u00e9es par e-mail.<\/p>\n\n\n\n<div style=\"height:20px\" aria-hidden=\"true\" class=\"wp-block-spacer\"><\/div>\n\n\n\n<h2 class=\"wp-block-heading\">D\u00e9couvrez Venise !<\/h2>\n\n\n\n<p>Venise est une ville unique, difficile \u00e0 d\u00e9crire, une ville incroyable. En r\u00e9alit\u00e9, il est impossible de donner une seule raison pour expliquer cela, mais c\u2019est ainsi : malgr\u00e9 ses d\u00e9fauts, Venise a toujours \u00e9t\u00e9 et restera \u00e0 jamais la plus belle ville du monde.<\/p>\n\n\n\n<p>Historiquement, Venise est divis\u00e9e en six quartiers appel\u00e9s \u00ab Sestieri \u00bb, auxquels s\u2019ajoute l\u2019\u00eele de la Giudecca, autrefois lieu de vill\u00e9giature des familles ais\u00e9es. Parmi eux, les touristes connaissent surtout San Marco, un quartier fascinant o\u00f9 se trouvent la place Saint-Marc avec sa Basilique (l\u2019\u00e9glise ducale), le Palais des Doges, les prisons dites \u00ab Piombi \u00bb, le Pont des Soupirs, les Procuraties et le Campanile.<\/p>\n\n\n\n<p>On peut citer aussi le pont du Rialto ou la Scala Contarini del Bovolo. Mais pour d\u00e9couvrir Venise pleinement, il faut se rappeler que la ville n\u2019est pas seulement la place Saint-Marc et ses environs. Apr\u00e8s la place, on entre dans Castello, qui s\u2019\u00e9tend jusqu\u2019\u00e0 l\u2019Arsenal et la Biennale, et va jusqu\u2019au stade Penzo.<\/p>\n\n\n\n<p>Dans la direction oppos\u00e9e, apr\u00e8s San Stefano, traversez le pont et vous \u00eates au c\u0153ur de Dorsoduro, en pensant \u00e0 la forme de poisson que dessine Venise. C\u2019est un quartier riche en culture, avec la Collection Guggenheim, la Punta della Dogana (Fondation Pinault), l\u2019Universit\u00e9 Ca\u2019 Foscari, le palais Ca\u2019 Rezzonico et surtout la Galerie de l\u2019Acad\u00e9mie.<\/p>\n\n\n\n<p>Santa Croce et San Polo, voisins imm\u00e9diats, semblent former un seul quartier, reli\u00e9s par un d\u00e9dale de petites ruelles (calli et callette). Parmi les lieux \u00e0 ne pas manquer, citons le Campo San Polo, l\u2019\u00e9glise des Frari, l\u2019Erbaria, San Giovanni Evangelista, Ca\u2019 Pesaro, le palais Querini Dubois, le Fontego dei Turchi (mus\u00e9e d\u2019histoire naturelle) et bien d\u2019autres.<\/p>\n\n\n\n<p>Enfin, Cannaregio, le c\u0153ur battant de Venise, est un point de rencontre essentiel pour les V\u00e9nitiens comme pour les visiteurs. Tout le monde aime ses rues et ses recoins pittoresques, de l\u2019\u00e9glise des Miracoli au Ghetto de Venise, du Campo San Geremia \u00e0 la Ca\u2019 d\u2019Oro, jusqu\u2019\u00e0 l\u2019\u00e9ternel Casino de Venise.<\/p>\n","protected":false},"excerpt":{"rendered":"<p>ApartmentsVenice.org est un site internet o\u00f9 il est possible de consulter et de r\u00e9server votre appartement \u00e0 Venise \u00e0 des fins touristiques. Notre large offre, associ\u00e9e \u00e0 plus de 10 ans d\u2019exp\u00e9rience \u00e0 Venise, en ligne et hors ligne, permet \u00e0 ceux qui souhaitent d\u00e9couvrir la fascinante ville de Venise de trouver la solution la [&hellip;]<\/p>\n","protected":false},"author":1,"featured_media":1629,"parent":0,"menu_order":0,"comment_status":"closed","ping_status":"closed","template":"","meta":{"_acf_changed":false,"footnotes":""},"class_list":["post-949","page","type-page","status-publish","has-post-thumbnail","hentry"],"acf":[],"_links":{"self":[{"href":"https:\/\/apartmentsvenice.org\/fr\/wp-json\/wp\/v2\/pages\/949","targetHints":{"allow":["GET"]}}],"collection":[{"href":"https:\/\/apartmentsvenice.org\/fr\/wp-json\/wp\/v2\/pages"}],"about":[{"href":"https:\/\/apartmentsvenice.org\/fr\/wp-json\/wp\/v2\/types\/page"}],"author":[{"embeddable":true,"href":"https:\/\/apartmentsvenice.org\/fr\/wp-json\/wp\/v2\/users\/1"}],"replies":[{"embeddable":true,"href":"https:\/\/apartmentsvenice.org\/fr\/wp-json\/wp\/v2\/comments?post=949"}],"version-history":[{"count":2,"href":"https:\/\/apartmentsvenice.org\/fr\/wp-json\/wp\/v2\/pages\/949\/revisions"}],"predecessor-version":[{"id":1112,"href":"https:\/\/apartmentsvenice.org\/fr\/wp-json\/wp\/v2\/pages\/949\/revisions\/1112"}],"wp:featuredmedia":[{"embeddable":true,"href":"https:\/\/apartmentsvenice.org\/fr\/wp-json\/wp\/v2\/media\/1629"}],"wp:attachment":[{"href":"https:\/\/apartmentsvenice.org\/fr\/wp-json\/wp\/v2\/media?parent=949"}],"curies":[{"name":"wp","href":"https:\/\/api.w.org\/{rel}","templated":true}]}}