{"id":932,"date":"2025-07-30T08:00:40","date_gmt":"2025-07-30T08:00:40","guid":{"rendered":"https:\/\/apartmentsvenice.org\/?page_id=932"},"modified":"2025-10-06T09:51:34","modified_gmt":"2025-10-06T09:51:34","slug":"privacy","status":"publish","type":"page","link":"https:\/\/apartmentsvenice.org\/fr\/privacy\/","title":{"rendered":"Privacy"},"content":{"rendered":"\n<p><strong>Qui sommes-nous<\/strong><br>Texte sugg\u00e9r\u00e9 : L\u2019adresse de notre site web est : <a href=\"https:\/\/apartmentsvenice.org\/fr\/\">https:\/\/apartmentsvenice.org<\/a>.<\/p>\n\n\n\n<p><strong>Commentaires<\/strong><br>Texte sugg\u00e9r\u00e9 : Lorsque les visiteurs laissent des commentaires sur le site, nous collectons les donn\u00e9es indiqu\u00e9es dans le formulaire de commentaires, ainsi que l\u2019adresse IP du visiteur et la cha\u00eene de l\u2019agent utilisateur du navigateur pour aider \u00e0 la d\u00e9tection du spam.<\/p>\n\n\n\n<p>Une cha\u00eene anonymis\u00e9e cr\u00e9\u00e9e \u00e0 partir de votre adresse e-mail (\u00e9galement appel\u00e9e hash) peut \u00eatre fournie au service Gravatar pour v\u00e9rifier si vous l\u2019utilisez. La politique de confidentialit\u00e9 du service Gravatar est disponible ici : <a href=\"https:\/\/automattic.com\/privacy\/\" rel=\"nofollow noopener\" target=\"_blank\">https:\/\/automattic.com\/privacy\/<\/a>. Apr\u00e8s approbation de votre commentaire, votre photo de profil est visible publiquement dans le contexte de votre commentaire.<\/p>\n\n\n\n<p><strong>M\u00e9dias<\/strong><br>Texte sugg\u00e9r\u00e9 : Si vous t\u00e9l\u00e9chargez des images sur le site web, vous devez \u00e9viter de t\u00e9l\u00e9charger des images contenant des donn\u00e9es de localisation int\u00e9gr\u00e9es (EXIF GPS). Les visiteurs du site web peuvent t\u00e9l\u00e9charger et extraire toutes les donn\u00e9es de localisation des images pr\u00e9sentes sur le site.<\/p>\n\n\n\n<p><strong>Cookies<\/strong><br>Texte sugg\u00e9r\u00e9 : Si vous laissez un commentaire sur notre site, vous pouvez choisir d\u2019enregistrer votre nom, adresse e-mail et site web dans des cookies. C\u2019est pour votre confort afin de ne pas avoir \u00e0 ressaisir vos informations lorsque vous laissez un autre commentaire. Ces cookies dureront un an.<\/p>\n\n\n\n<p>Si vous visitez notre page de connexion, nous d\u00e9finirons un cookie temporaire pour v\u00e9rifier si votre navigateur accepte les cookies. Ce cookie ne contient aucune donn\u00e9e personnelle et est supprim\u00e9 lorsque vous fermez votre navigateur.<\/p>\n\n\n\n<p>Lorsque vous vous connectez, plusieurs cookies seront install\u00e9s pour enregistrer vos informations de connexion et vos pr\u00e9f\u00e9rences d\u2019affichage de l\u2019\u00e9cran. Les cookies de connexion durent deux jours, et les cookies d\u2019options d\u2019\u00e9cran durent un an. Si vous s\u00e9lectionnez \u00ab Se souvenir de moi \u00bb, votre connexion persistera pendant deux semaines. Lorsque vous vous d\u00e9connectez de votre compte, les cookies de connexion sont supprim\u00e9s.<\/p>\n\n\n\n<p>Si vous modifiez ou publiez un article, un cookie suppl\u00e9mentaire sera enregistr\u00e9 dans votre navigateur. Ce cookie ne contient aucune donn\u00e9e personnelle et indique simplement l\u2019ID de l\u2019article que vous venez de modifier. Il expire apr\u00e8s 1 jour.<\/p>\n\n\n\n<p><strong>Contenus int\u00e9gr\u00e9s provenant d\u2019autres sites web<\/strong><br>Texte sugg\u00e9r\u00e9 : Les articles de ce site peuvent inclure du contenu int\u00e9gr\u00e9 (par ex. vid\u00e9os, images, articles, etc.). Le contenu int\u00e9gr\u00e9 provenant d\u2019autres sites web se comporte exactement de la m\u00eame mani\u00e8re que si le visiteur avait visit\u00e9 l\u2019autre site web.<\/p>\n\n\n\n<p>Ces sites web peuvent collecter des donn\u00e9es sur vous, utiliser des cookies, int\u00e9grer un suivi tiers suppl\u00e9mentaire et surveiller votre interaction avec ce contenu int\u00e9gr\u00e9, y compris le suivi de votre interaction si vous avez un compte et \u00eates connect\u00e9 \u00e0 ce site web.<\/p>\n\n\n\n<p><strong>Avec qui nous partageons vos donn\u00e9es<\/strong><br>Texte sugg\u00e9r\u00e9 : Si vous demandez une r\u00e9initialisation de mot de passe, votre adresse IP sera incluse dans l\u2019e-mail de r\u00e9initialisation.<\/p>\n\n\n\n<p><strong>Dur\u00e9e de conservation de vos donn\u00e9es<\/strong><br>Texte sugg\u00e9r\u00e9 : Si vous laissez un commentaire, le commentaire et ses m\u00e9tadonn\u00e9es sont conserv\u00e9s ind\u00e9finiment. Cela nous permet de reconna\u00eetre et d\u2019approuver automatiquement les commentaires de suivi au lieu de les conserver dans une file de mod\u00e9ration.<\/p>\n\n\n\n<p>Pour les utilisateurs qui s\u2019enregistrent sur notre site web (le cas \u00e9ch\u00e9ant), nous stockons \u00e9galement les informations personnelles qu\u2019ils fournissent dans leur profil utilisateur. Tous les utilisateurs peuvent voir, modifier ou supprimer leurs informations personnelles \u00e0 tout moment (sauf qu\u2019ils ne peuvent pas modifier leur nom d\u2019utilisateur). Les administrateurs du site web peuvent \u00e9galement voir et modifier ces informations.<\/p>\n\n\n\n<p><strong>Quels droits vous avez sur vos donn\u00e9es<\/strong><br>Texte sugg\u00e9r\u00e9 : Si vous avez un compte sur ce site, ou si vous avez laiss\u00e9 des commentaires, vous pouvez demander \u00e0 recevoir un fichier export\u00e9 des donn\u00e9es personnelles que nous d\u00e9tenons \u00e0 votre sujet, y compris toutes les donn\u00e9es que vous nous avez fournies. Vous pouvez \u00e9galement demander la suppression de toutes les donn\u00e9es personnelles que nous d\u00e9tenons \u00e0 votre sujet. Cela n\u2019inclut pas les donn\u00e9es que nous sommes tenus de conserver \u00e0 des fins administratives, l\u00e9gales ou de s\u00e9curit\u00e9.<\/p>\n\n\n\n<p><strong>O\u00f9 vos donn\u00e9es sont envoy\u00e9es<\/strong><br>Texte sugg\u00e9r\u00e9 : Les commentaires des visiteurs peuvent \u00eatre v\u00e9rifi\u00e9s par un service automatis\u00e9 de d\u00e9tection de spam.<\/p>\n","protected":false},"excerpt":{"rendered":"<p>Qui sommes-nousTexte sugg\u00e9r\u00e9 : L\u2019adresse de notre site web est : https:\/\/apartmentsvenice.org. CommentairesTexte sugg\u00e9r\u00e9 : Lorsque les visiteurs laissent des commentaires sur le site, nous collectons les donn\u00e9es indiqu\u00e9es dans le formulaire de commentaires, ainsi que l\u2019adresse IP du visiteur et la cha\u00eene de l\u2019agent utilisateur du navigateur pour aider \u00e0 la d\u00e9tection du spam. [&hellip;]<\/p>\n","protected":false},"author":1,"featured_media":0,"parent":0,"menu_order":0,"comment_status":"closed","ping_status":"open","template":"","meta":{"_acf_changed":false,"footnotes":""},"class_list":["post-932","page","type-page","status-publish","hentry"],"acf":[],"_links":{"self":[{"href":"https:\/\/apartmentsvenice.org\/fr\/wp-json\/wp\/v2\/pages\/932","targetHints":{"allow":["GET"]}}],"collection":[{"href":"https:\/\/apartmentsvenice.org\/fr\/wp-json\/wp\/v2\/pages"}],"about":[{"href":"https:\/\/apartmentsvenice.org\/fr\/wp-json\/wp\/v2\/types\/page"}],"author":[{"embeddable":true,"href":"https:\/\/apartmentsvenice.org\/fr\/wp-json\/wp\/v2\/users\/1"}],"replies":[{"embeddable":true,"href":"https:\/\/apartmentsvenice.org\/fr\/wp-json\/wp\/v2\/comments?post=932"}],"version-history":[{"count":2,"href":"https:\/\/apartmentsvenice.org\/fr\/wp-json\/wp\/v2\/pages\/932\/revisions"}],"predecessor-version":[{"id":1124,"href":"https:\/\/apartmentsvenice.org\/fr\/wp-json\/wp\/v2\/pages\/932\/revisions\/1124"}],"wp:attachment":[{"href":"https:\/\/apartmentsvenice.org\/fr\/wp-json\/wp\/v2\/media?parent=932"}],"curies":[{"name":"wp","href":"https:\/\/api.w.org\/{rel}","templated":true}]}}