{"id":1662,"date":"2026-04-03T07:53:08","date_gmt":"2026-04-03T07:53:08","guid":{"rendered":"https:\/\/apartmentsvenice.org\/?page_id=1662"},"modified":"2026-04-21T05:43:14","modified_gmt":"2026-04-21T05:43:14","slug":"appartements-a-venise-centre-historique","status":"publish","type":"page","link":"https:\/\/apartmentsvenice.org\/fr\/appartements-a-venise-centre-historique\/","title":{"rendered":"Appartements \u00e0 Venise centre historique"},"content":{"rendered":"\n<h2 class=\"wp-block-heading\">Choisir <strong>appartements \u00e0 Venise centre historique<\/strong> est la meilleure fa\u00e7on de vivre la ville de mani\u00e8re authentique et sans stress.<\/h2>\n\n\n\n<p>Venise est une ville unique, faite de ruelles, de ponts et de canaux. S\u00e9journer dans le centre vous permet d\u2019\u00eatre toujours proche des principales attractions tout en profitant de l\u2019atmosph\u00e8re r\u00e9elle de la ville.<\/p>\n\n\n\n<p>Par rapport \u00e0 d\u2019autres solutions, un appartement offre plus de libert\u00e9, plus d\u2019espace et une exp\u00e9rience plus personnelle.<\/p>\n\n\n\n<h3 class=\"wp-block-heading\">Pourquoi choisir le centre historique de Venise<\/h3>\n\n\n\n<p>Le centre historique est le c\u0153ur de la ville. \u00c0 partir d\u2019ici, vous pouvez rejoindre facilement les principaux points d\u2019int\u00e9r\u00eat et vous d\u00e9placer \u00e0 pied sans difficult\u00e9.<\/p>\n\n\n\n<p>Choisir <strong>appartements \u00e0 Venise centre historique<\/strong> signifie r\u00e9duire les d\u00e9placements, optimiser le temps et vivre Venise de la mani\u00e8re la plus naturelle possible.<\/p>\n\n\n\n<p>C\u2019est particuli\u00e8rement important pour ceux qui visitent la ville pour la premi\u00e8re fois.<\/p>\n\n\n\n<h3 class=\"wp-block-heading\">Une exp\u00e9rience plus authentique<\/h3>\n\n\n\n<p>S\u00e9journer dans un appartement vous permet de vivre Venise comme un local. Vous pouvez d\u00e9couvrir des zones moins touristiques, profiter de promenades en soir\u00e9e loin de la foule et vivre la ville \u00e0 un rythme plus d\u00e9tendu.<\/p>\n\n\n\n<p>C\u2019est un choix id\u00e9al pour les couples, les familles et les voyageurs qui recherchent plus qu\u2019un simple s\u00e9jour.<\/p>\n\n\n\n<h3 class=\"wp-block-heading\">Confort et flexibilit\u00e9<\/h3>\n\n\n\n<p>Les appartements offrent plus de confort que de nombreuses chambres d\u2019h\u00f4tel. Plus d\u2019espace, plus d\u2019intimit\u00e9 et la possibilit\u00e9 d\u2019organiser vos journ\u00e9es sans contraintes.<\/p>\n\n\n\n<p>Cela est particuli\u00e8rement utile pour les s\u00e9jours plus longs ou pour les groupes.<\/p>\n\n\n\n<p>De nombreux voyageurs choisissent <strong>appartements \u00e0 Venise centre historique<\/strong> pour cette libert\u00e9.<\/p>\n\n\n\n<h3 class=\"wp-block-heading\">D\u00e9couvrez les meilleures zones de Venise<\/h3>\n\n\n\n<p>Chaque quartier de Venise offre une exp\u00e9rience diff\u00e9rente. Pour vous aider \u00e0 choisir, nous avons cr\u00e9\u00e9 des guides d\u00e9di\u00e9s selon vos besoins.<\/p>\n\n\n\n<ul class=\"wp-block-list\">\n<li><a href=\"https:\/\/apartmentsvenice.org\/fr\/appartements-a-venise-centre-historique\/appartements-a-cannaregio-venise\/\" data-type=\"page\" data-id=\"1665\">Appartements \u00e0 Cannaregio<\/a> \u2013 quartier authentique et plus calme<\/li>\n\n\n\n<li><a href=\"https:\/\/apartmentsvenice.org\/fr\/appartements-a-venise-centre-historique\/appartements-pres-de-la-gare-de-venise\/\" data-type=\"page\" data-id=\"1668\">Appartements pr\u00e8s de la gare<\/a> \u2013 parfaits pour des arriv\u00e9es faciles<\/li>\n\n\n\n<li><a href=\"https:\/\/apartmentsvenice.org\/fr\/appartements-a-venise-centre-historique\/appartements-pour-familles-a-venise\/\" data-type=\"page\" data-id=\"1670\">Appartements pour familles<\/a> \u2013 plus d\u2019espace et de confort<\/li>\n\n\n\n<li><a href=\"https:\/\/apartmentsvenice.org\/fr\/appartements-a-venise-centre-historique\/appartements-romantiques-a-venise-pour-couples-sejour-intime\/\" data-type=\"page\" data-id=\"1672\">Appartements romantiques<\/a> \u2013 id\u00e9aux pour les couples<\/li>\n\n\n\n<li><a href=\"https:\/\/apartmentsvenice.org\/fr\/appartements-a-venise-centre-historique\/appartements-a-venise-avec-vue-sur-le-canal-sejour-unique\/\" data-type=\"page\" data-id=\"1674\">Appartements avec vue sur le canal<\/a> \u2013 une exp\u00e9rience unique<\/li>\n\n\n\n<li><a href=\"https:\/\/apartmentsvenice.org\/fr\/appartements-a-venise-centre-historique\/appartements-pas-chers-a-venise-meilleur-rapport-qualite-prix\/\" data-type=\"page\" data-id=\"1676\">Appartements \u00e9conomiques<\/a> \u2013 excellent rapport qualit\u00e9 prix<\/li>\n<\/ul>\n\n\n\n<h3 class=\"wp-block-heading\">R\u00e9server en direct est toujours plus avantageux<\/h3>\n\n\n\n<p>R\u00e9server sur le site officiel permet d\u2019obtenir le meilleur prix disponible, sans commissions suppl\u00e9mentaires.<\/p>\n\n\n\n<p>Vous b\u00e9n\u00e9ficiez \u00e9galement d\u2019un contact direct pour toute demande avant votre arriv\u00e9e.<\/p>\n\n\n\n<h3 class=\"wp-block-heading\">Vivez Venise de la meilleure fa\u00e7on<\/h3>\n\n\n\n<p>Choisir le bon h\u00e9bergement est essentiel pour profiter pleinement de la ville. Avec un bon emplacement et un espace confortable, votre s\u00e9jour devient encore plus agr\u00e9able.<\/p>\n\n\n\n<p>D\u00e9couvrez les disponibilit\u00e9s et trouvez l\u2019appartement id\u00e9al pour votre s\u00e9jour.<\/p>\n\n\n\n<h3 class=\"wp-block-heading\">Questions fr\u00e9quentes sur les appartements \u00e0 Venise<\/h3>\n\n\n<div id=\"rank-math-faq\" class=\"rank-math-block\">\n<div class=\"rank-math-list \">\n<div id=\"faq-fr-1\" class=\"rank-math-list-item\">\n<h3 class=\"rank-math-question \">O\u00f9 dormir \u00e0 Venise ?<\/h3>\n<div class=\"rank-math-answer \">\n\n<p>Le centre historique est le meilleur choix pour se d\u00e9placer facilement et profiter de la ville.<\/p>\n\n<\/div>\n<\/div>\n<div id=\"faq-fr-2\" class=\"rank-math-list-item\">\n<h3 class=\"rank-math-question \">Les appartements sont-ils mieux que les h\u00f4tels ?<\/h3>\n<div class=\"rank-math-answer \">\n\n<p>Les appartements offrent plus d\u2019espace et de flexibilit\u00e9.<\/p>\n\n<\/div>\n<\/div>\n<div id=\"faq-fr-3\" class=\"rank-math-list-item\">\n<h3 class=\"rank-math-question \">Combien co\u00fbte un s\u00e9jour \u00e0 Venise ?<\/h3>\n<div class=\"rank-math-answer \">\n\n<p>Les prix varient selon la saison et la zone.<\/p>\n\n<\/div>\n<\/div>\n<div id=\"faq-fr-4\" class=\"rank-math-list-item\">\n<h3 class=\"rank-math-question \">Est-il avantageux de r\u00e9server en direct ?<\/h3>\n<div class=\"rank-math-answer \">\n\n<p>Oui, cela permet souvent d\u2019obtenir de meilleurs prix.<\/p>\n\n<\/div>\n<\/div>\n<div id=\"faq-fr-5\" class=\"rank-math-list-item\">\n<h3 class=\"rank-math-question \">Quel quartier choisir ?<\/h3>\n<div class=\"rank-math-answer \">\n\n<p>Le centre et Cannaregio sont parmi les meilleures options.<\/p>\n\n<\/div>\n<\/div>\n<\/div>\n<\/div>","protected":false},"excerpt":{"rendered":"<p>Choisir appartements \u00e0 Venise centre historique est la meilleure fa\u00e7on de vivre la ville de mani\u00e8re authentique et sans stress. Venise est une ville unique, faite de ruelles, de ponts et de canaux. S\u00e9journer dans le centre vous permet d\u2019\u00eatre toujours proche des principales attractions tout en profitant de l\u2019atmosph\u00e8re r\u00e9elle de la ville. Par [&hellip;]<\/p>\n","protected":false},"author":1,"featured_media":1517,"parent":0,"menu_order":0,"comment_status":"closed","ping_status":"closed","template":"","meta":{"_acf_changed":false,"footnotes":""},"class_list":["post-1662","page","type-page","status-publish","has-post-thumbnail","hentry"],"acf":[],"_links":{"self":[{"href":"https:\/\/apartmentsvenice.org\/fr\/wp-json\/wp\/v2\/pages\/1662","targetHints":{"allow":["GET"]}}],"collection":[{"href":"https:\/\/apartmentsvenice.org\/fr\/wp-json\/wp\/v2\/pages"}],"about":[{"href":"https:\/\/apartmentsvenice.org\/fr\/wp-json\/wp\/v2\/types\/page"}],"author":[{"embeddable":true,"href":"https:\/\/apartmentsvenice.org\/fr\/wp-json\/wp\/v2\/users\/1"}],"replies":[{"embeddable":true,"href":"https:\/\/apartmentsvenice.org\/fr\/wp-json\/wp\/v2\/comments?post=1662"}],"version-history":[{"count":2,"href":"https:\/\/apartmentsvenice.org\/fr\/wp-json\/wp\/v2\/pages\/1662\/revisions"}],"predecessor-version":[{"id":1709,"href":"https:\/\/apartmentsvenice.org\/fr\/wp-json\/wp\/v2\/pages\/1662\/revisions\/1709"}],"wp:featuredmedia":[{"embeddable":true,"href":"https:\/\/apartmentsvenice.org\/fr\/wp-json\/wp\/v2\/media\/1517"}],"wp:attachment":[{"href":"https:\/\/apartmentsvenice.org\/fr\/wp-json\/wp\/v2\/media?parent=1662"}],"curies":[{"name":"wp","href":"https:\/\/api.w.org\/{rel}","templated":true}]}}