{"id":1201,"date":"2025-10-08T07:14:25","date_gmt":"2025-10-08T07:14:25","guid":{"rendered":"https:\/\/apartmentsvenice.org\/?page_id=1201"},"modified":"2025-10-16T13:02:35","modified_gmt":"2025-10-16T13:02:35","slug":"f-a-q","status":"publish","type":"page","link":"https:\/\/apartmentsvenice.org\/fr\/f-a-q\/","title":{"rendered":"Faq"},"content":{"rendered":"FAQ\n\n\n<p>Pour rendre vos vacances \u00e0 Venise aussi simples que possible, non seulement lors de la r\u00e9servation mais aussi pendant votre s\u00e9jour, nous vous proposons une liste de questions fr\u00e9quemment pos\u00e9es accompagn\u00e9es de leurs r\u00e9ponses, afin de vous aider dans votre organisation :<\/p>\n\n\n<div id=\"rank-math-faq\" class=\"rank-math-block\">\n<div class=\"rank-math-list \">\n<div id=\"faq-question-1759907639614\" class=\"rank-math-list-item\">\n<h3 class=\"rank-math-question \">Pendant le processus de choix et de r\u00e9servation, le personnel est-il disponible pour toute question ou demande ?<\/h3>\n<div class=\"rank-math-answer \">\n\n<p>Oui, bien s\u00fbr. Notre \u00e9quipe sera toujours disponible pour vous aider \u00e0 choisir votre appartement id\u00e9al et r\u00e9pondre \u00e0 toutes vos questions. Vous pouvez nous contacter par e-mail ou par t\u00e9l\u00e9phone. Sur notre site web, vous trouverez tous les d\u00e9tails de chaque appartement, les services disponibles et la carte indiquant son emplacement.<\/p>\n\n<\/div>\n<\/div>\n<div id=\"faq-question-1759908743046\" class=\"rank-math-list-item\">\n<h3 class=\"rank-math-question \">Est-il possible de faire le check-in apr\u00e8s 23h00 ? Y a-t-il des frais suppl\u00e9mentaires apr\u00e8s 19h00 ?<\/h3>\n<div class=\"rank-math-answer \">\n\n<p>L\u2019enregistrement s\u2019effectue entre 15h00 et 19h00. Le service de check-in est gratuit de 14h00 \u00e0 19h00. De 19h00 \u00e0 21h00, un suppl\u00e9ment de 30 \u20ac est appliqu\u00e9, \u00e0 r\u00e9gler en esp\u00e8ces \u00e0 l\u2019arriv\u00e9e. De 21h00 \u00e0 23h00, un suppl\u00e9ment de 50 \u20ac est demand\u00e9, \u00e9galement \u00e0 r\u00e9gler en esp\u00e8ces. Apr\u00e8s 23h00, le check-in n\u2019est pas garanti sauf en cas exceptionnel (train\/vol retard\u00e9, mauvaises conditions m\u00e9t\u00e9o, etc.) et un suppl\u00e9ment pour arriv\u00e9e tardive reste applicable.<\/p>\n\n<\/div>\n<\/div>\n<div id=\"faq-question-1760618609900\" class=\"rank-math-list-item\">\n<h3 class=\"rank-math-question \">Comment est organis\u00e9 le service de check-in ?<\/h3>\n<div class=\"rank-math-answer \">\n\n<p>Notre personnel vous contactera pour organiser le check-in : heure et point de rendez-vous afin de faciliter au maximum votre arriv\u00e9e \u00e0 Venise. \u00c0 votre arriv\u00e9e, il est tr\u00e8s important de rester en contact par e-mail ou t\u00e9l\u00e9phone portable avec notre \u00e9quipe pour \u00eatre \u00e0 l\u2019heure et effectuer ensemble les formalit\u00e9s d\u2019enregistrement. Merci de pr\u00e9venir en cas de retard important.<\/p>\n\n<\/div>\n<\/div>\n<div id=\"faq-question-1760618631776\" class=\"rank-math-list-item\">\n<h3 class=\"rank-math-question \">Est-il possible de demander un check-in anticip\u00e9 avant 15h00 ?<\/h3>\n<div class=\"rank-math-answer \">\n\n<p>Sur demande pr\u00e9alable, et si l\u2019appartement est libre la nuit pr\u00e9c\u00e9dente, un check-in anticip\u00e9 avant 15h00 est possible gratuitement.<\/p>\n\n<\/div>\n<\/div>\n<div id=\"faq-question-1760618648397\" class=\"rank-math-list-item\">\n<h3 class=\"rank-math-question \">Puis-je laisser mes bagages dans l\u2019appartement apr\u00e8s le check-out ?<\/h3>\n<div class=\"rank-math-answer \">\n\n<p>Non, il n\u2019est pas possible de laisser les bagages dans l\u2019appartement apr\u00e8s 11h00.<\/p>\n\n<\/div>\n<\/div>\n<div id=\"faq-question-1760618668062\" class=\"rank-math-list-item\">\n<h3 class=\"rank-math-question \">C\u2019est ma premi\u00e8re fois \u00e0 Venise : le personnel peut-il me donner des conseils sur la ville, les lieux \u00e0 visiter, o\u00f9 manger et comment se d\u00e9placer ?<\/h3>\n<div class=\"rank-math-answer \">\n\n<p>Bien s\u00fbr ! Une fois arriv\u00e9 dans l\u2019appartement, notre personnel sera ravi de vous fournir une carte de Venise et des informations utiles pour rendre votre s\u00e9jour aussi agr\u00e9able et \u00ab local \u00bb que possible.<\/p>\n\n<\/div>\n<\/div>\n<div id=\"faq-question-1760618687150\" class=\"rank-math-list-item\">\n<h3 class=\"rank-math-question \">Mes bagages sont trop lourds, que puis-je faire ?<\/h3>\n<div class=\"rank-math-answer \">\n\n<p>Si vous voyagez avec beaucoup de bagages difficiles \u00e0 transporter, pensez \u00e0 pr\u00e9venir notre \u00e9quipe \u00e0 l\u2019avance : il est possible d\u2019organiser un service de porteur pour vous aider jusqu\u2019\u00e0 l\u2019appartement. Ce service n\u2019est pas fourni par nous mais par des porteurs agr\u00e9\u00e9s par la Ville de Venise.<\/p>\n\n<\/div>\n<\/div>\n<div id=\"faq-question-1760618704377\" class=\"rank-math-list-item\">\n<h3 class=\"rank-math-question \">Comment puis-je rejoindre Venise depuis l\u2019a\u00e9roport Marco Polo ou l\u2019a\u00e9roport de Tr\u00e9vise ?<\/h3>\n<div class=\"rank-math-answer \">\n\n<p>&#8211; Depuis l\u2019a\u00e9roport Marco Polo : prenez la ligne Orange d\u2019Alilaguna ou le bus n\u00b0 5 jusqu\u2019\u00e0 Piazzale Roma.<br \/>&#8211; Depuis l\u2019a\u00e9roport de Tr\u00e9vise : prenez le bus ATVO.<\/p>\n<p>Dans les deux cas, notre \u00e9quipe vous aidera avec les informations n\u00e9cessaires pour choisir la solution la plus adapt\u00e9e \u00e0 vos besoins.<\/p>\n\n<\/div>\n<\/div>\n<div id=\"faq-question-1760618728834\" class=\"rank-math-list-item\">\n<h3 class=\"rank-math-question \">Est-il possible d\u2019organiser un transfert priv\u00e9 vers\/depuis l\u2019a\u00e9roport ou Venise ?<\/h3>\n<div class=\"rank-math-answer \">\n\n<p>Oui, bien s\u00fbr. En nous pr\u00e9venant \u00e0 l\u2019avance, vous pouvez demander un service de transfert priv\u00e9 qui vous conduira directement \u00e0 l\u2019appartement \u00e0 votre arriv\u00e9e, ou \u00e0 l\u2019a\u00e9roport \u00e0 la fin de votre s\u00e9jour. Le tarif et le moyen de transport vous seront communiqu\u00e9s apr\u00e8s votre demande.<\/p>\n\n<\/div>\n<\/div>\n<div id=\"faq-question-1760618761775\" class=\"rank-math-list-item\">\n<h3 class=\"rank-math-question \">O\u00f9 puis-je trouver l\u2019adresse de l\u2019appartement ?<\/h3>\n<div class=\"rank-math-answer \">\n\n<p>En naviguant sur notre site web, vous trouverez l\u2019adresse et la carte dans les diff\u00e9rentes sections.<\/p>\n\n<\/div>\n<\/div>\n<div id=\"faq-question-1760618782174\" class=\"rank-math-list-item\">\n<h3 class=\"rank-math-question \">Dois-je apporter les draps et les serviettes ?<\/h3>\n<div class=\"rank-math-answer \">\n\n<p>Non, les appartements sont \u00e9quip\u00e9s de draps et de serviettes selon le nombre de personnes pr\u00e9vu. Sur notre site web, vous trouverez une description d\u00e9taill\u00e9e des services disponibles pour chaque appartement.<\/p>\n\n<\/div>\n<\/div>\n<div id=\"faq-question-1760618801157\" class=\"rank-math-list-item\">\n<h3 class=\"rank-math-question \">Tous les appartements disposent-ils des m\u00eames services ?<\/h3>\n<div class=\"rank-math-answer \">\n\n<p>Non, chaque appartement propose des services diff\u00e9rents, comme indiqu\u00e9 dans sa description.<\/p>\n\n<\/div>\n<\/div>\n<div id=\"faq-question-1760618818692\" class=\"rank-math-list-item\">\n<h3 class=\"rank-math-question \">Le petit-d\u00e9jeuner est-il inclus ?<\/h3>\n<div class=\"rank-math-answer \">\n\n<p>Non, le petit-d\u00e9jeuner n\u2019est pas inclus. L\u2019appartement propose quelques \u00e9l\u00e9ments de base (sucre, caf\u00e9, th\u00e9). Si vous souhaitez des produits suppl\u00e9mentaires (lait, biscuits) ou un kit petit-d\u00e9jeuner complet, vous pouvez le demander au moment de la r\u00e9servation en choisissant parmi les diff\u00e9rents forfaits disponibles.<\/p>\n\n<\/div>\n<\/div>\n<div id=\"faq-question-1760618839169\" class=\"rank-math-list-item\">\n<h3 class=\"rank-math-question \">Le Wi-Fi est-il disponible dans tous les appartements ?<\/h3>\n<div class=\"rank-math-answer \">\n\n<p>Oui, vous trouverez le Wi-Fi gratuit dans tous nos appartements.<\/p>\n\n<\/div>\n<\/div>\n<div id=\"faq-question-1760618861952\" class=\"rank-math-list-item\">\n<h3 class=\"rank-math-question \">La climatisation est-elle disponible dans tous les appartements ?<\/h3>\n<div class=\"rank-math-answer \">\n\n<p>La climatisation est disponible dans tous les appartements, \u00e0 l\u2019exception du logement Zattere. Vous trouverez le d\u00e9tail des services dans la description de chaque appartement.<\/p>\n\n<\/div>\n<\/div>\n<div id=\"faq-question-1760618880605\" class=\"rank-math-list-item\">\n<h3 class=\"rank-math-question \">Puis-je demander un service de m\u00e9nage pendant mon s\u00e9jour ?<\/h3>\n<div class=\"rank-math-answer \">\n\n<p>Oui, pendant votre s\u00e9jour, vous pouvez demander un service de m\u00e9nage suppl\u00e9mentaire, non inclus dans le prix. Ce service est fourni par une soci\u00e9t\u00e9 externe.<\/p>\n\n<\/div>\n<\/div>\n<div id=\"faq-question-1760618891653\" class=\"rank-math-list-item\">\n<h3 class=\"rank-math-question \">Les animaux domestiques sont-ils admis ?<\/h3>\n<div class=\"rank-math-answer \">\n\n<p>Uniquement lorsque cela est pr\u00e9cis\u00e9 dans la description de l\u2019appartement.<br \/>L\u2019appartement Zappa dispose d\u2019un jardin priv\u00e9 adapt\u00e9 pour accueillir votre animal de compagnie.<\/p>\n\n<\/div>\n<\/div>\n<div id=\"faq-question-1760618910515\" class=\"rank-math-list-item\">\n<h3 class=\"rank-math-question \">Puis-je avoir un lit b\u00e9b\u00e9 dans l\u2019appartement ?<\/h3>\n<div class=\"rank-math-answer \">\n\n<p>Si vous le demandez \u00e0 l\u2019avance, nous pouvons fournir un lit b\u00e9b\u00e9 avec draps.<\/p>\n\n<\/div>\n<\/div>\n<div id=\"faq-question-1760618936180\" class=\"rank-math-list-item\">\n<h3 class=\"rank-math-question \">Combien de personnes peuvent s\u00e9journer dans l\u2019appartement ?<\/h3>\n<div class=\"rank-math-answer \">\n\n<p>La description de chaque appartement indique le nombre maximum de personnes autoris\u00e9es \u00e0 s\u00e9journer.<\/p>\n\n<\/div>\n<\/div>\n<div id=\"faq-question-1760618952635\" class=\"rank-math-list-item\">\n<h3 class=\"rank-math-question \">Puis-je visiter l\u2019appartement avant de r\u00e9server ?<\/h3>\n<div class=\"rank-math-answer \">\n\n<p>Non, ce service n\u2019est pas disponible.<\/p>\n\n<\/div>\n<\/div>\n<div id=\"faq-question-1760618969436\" class=\"rank-math-list-item\">\n<h3 class=\"rank-math-question \">Puis-je utiliser le chauffage et la climatisation toute l\u2019ann\u00e9e ?<\/h3>\n<div class=\"rank-math-answer \">\n\n<p>Le chauffage et la climatisation fonctionnent selon les p\u00e9riodes \u00e9tablies par la loi italienne pour la zone de Venise. Chauffage : de la mi-octobre au d\u00e9but avril, temp\u00e9rature max. 20\u201323 \u00b0C. Climatisation : autoris\u00e9e de juin \u00e0 septembre.<\/p>\n\n<\/div>\n<\/div>\n<\/div>\n<\/div>\n","protected":false},"excerpt":{"rendered":"<p>FAQ Pour rendre vos vacances \u00e0 Venise aussi simples que possible, non seulement lors de la r\u00e9servation mais aussi pendant votre s\u00e9jour, nous vous proposons une liste de questions fr\u00e9quemment pos\u00e9es accompagn\u00e9es de leurs r\u00e9ponses, afin de vous aider dans votre organisation :<\/p>\n","protected":false},"author":1,"featured_media":0,"parent":0,"menu_order":0,"comment_status":"closed","ping_status":"closed","template":"","meta":{"_acf_changed":false,"footnotes":""},"class_list":["post-1201","page","type-page","status-publish","hentry"],"acf":[],"_links":{"self":[{"href":"https:\/\/apartmentsvenice.org\/fr\/wp-json\/wp\/v2\/pages\/1201","targetHints":{"allow":["GET"]}}],"collection":[{"href":"https:\/\/apartmentsvenice.org\/fr\/wp-json\/wp\/v2\/pages"}],"about":[{"href":"https:\/\/apartmentsvenice.org\/fr\/wp-json\/wp\/v2\/types\/page"}],"author":[{"embeddable":true,"href":"https:\/\/apartmentsvenice.org\/fr\/wp-json\/wp\/v2\/users\/1"}],"replies":[{"embeddable":true,"href":"https:\/\/apartmentsvenice.org\/fr\/wp-json\/wp\/v2\/comments?post=1201"}],"version-history":[{"count":3,"href":"https:\/\/apartmentsvenice.org\/fr\/wp-json\/wp\/v2\/pages\/1201\/revisions"}],"predecessor-version":[{"id":1301,"href":"https:\/\/apartmentsvenice.org\/fr\/wp-json\/wp\/v2\/pages\/1201\/revisions\/1301"}],"wp:attachment":[{"href":"https:\/\/apartmentsvenice.org\/fr\/wp-json\/wp\/v2\/media?parent=1201"}],"curies":[{"name":"wp","href":"https:\/\/api.w.org\/{rel}","templated":true}]}}