{"id":947,"date":"2025-09-22T09:11:22","date_gmt":"2025-09-22T09:11:22","guid":{"rendered":"https:\/\/apartmentsvenice.org\/?page_id=947"},"modified":"2025-10-06T09:37:59","modified_gmt":"2025-10-06T09:37:59","slug":"sobre-nosotros","status":"publish","type":"page","link":"https:\/\/apartmentsvenice.org\/es\/sobre-nosotros\/","title":{"rendered":"Sobre Nosotros"},"content":{"rendered":"\n<p><strong>Apartmentsvenice.org<\/strong>&nbsp;es un portal de busqueda y reservaci\u00f2n de apartamentos por uso turistico en Venecia. Nuestra oferta rica e igualmente valida esperencia consolidada en m\u00e0s de una d\u00e8cada de actividad en Venecia, sea online y offline, permite a todos aquellos que desean descubrir el encanto de la ciudad m\u00e0s bella del mundo de encontrar la soluci\u00f2n m\u00e0s adapta a las proprias exigencias: tenemos al respecto apartamentos por familias, por parejas, de lujo o m\u00e0s economicos, cerca de la estaci\u00f2n Venecia S.Lucia, en zona Ghetto, por de S.Croce y cerca de San Marco.<\/p>\n\n\n\n<div style=\"height:20px\" aria-hidden=\"true\" class=\"wp-block-spacer\"><\/div>\n\n\n\n<h1 class=\"wp-block-heading\">Condiciones de alquilar<\/h1>\n\n\n\n<p>A continuaci\u00f2n elencamos algunas de las condiciones de alquiler en vigor para todos nuestros apartamentos:<\/p>\n\n\n\n<ul class=\"wp-block-list\">\n<li>el desayuno no est\u00e0 comprendido en la tarifa, en cuanto son apartamentos endependientes y no ligados a ninguna estructura receptiva.<\/li>\n\n\n\n<li>cada apartamento puede pedir a parte los gastos de limpieza al final permanencia.<\/li>\n\n\n\n<li>el agua, la electricidad, el gas son normalmente siempre incluidas, aparte diferentes especificaciones indicadas al interno del la scheda del apartamento.<\/li>\n\n\n\n<li>al check-in el acompa\u00f1ante les pedir\u00e0 una cauci\u00f2n que les ser\u00e0 devuelta al momento del check-out, una vez verificado juntos el apartamento, que debe ser reintegrado en las mismas condiciones que estaba antes.<\/li>\n\n\n\n<li>los impuestos est\u00e1n incluidos en el precio.<\/li>\n<\/ul>\n\n\n\n<p>Un servicio de asistencia continuo para nuestros huespedes: en cualquier momento es posible contactar nuestro staff que har\u00e1 lo posible para contestar vuestras preguntas, a partir de nuestro servicio de hospitalidad, para fijar presupuestamente, hasta vuestra despedida..para poder hacer sus vacaciones lo mas memorable posible!<\/p>\n\n\n\n<div style=\"height:20px\" aria-hidden=\"true\" class=\"wp-block-spacer\"><\/div>\n\n\n\n<h1 class=\"wp-block-heading\">Como Reservar<\/h1>\n\n\n\n<p>Reservar tu apartamento en Venecia nunca ha sido tan fac\u00ecl: gracias a nuestro sistema de mapping integrado con todos nuestros apartamentos, es suficiente un vistazo para localizar la posici\u00f2n que m\u00e0s les agradece, chequear las caracteristicas del apartamento y, si disponible, reservarlo online gracias al sistema de Booking instantaneo, entroduciendo vuestros datos completos del numero de la carta de credito, como garantia a la reservaci\u00f2n. Si al contrario no encuentras nada, cada apartamento dispone de un form por medio del cual pueden solicitar m\u00e0s informaciones: ser\u00e0n de inmediato recontactados via mail de parte de nuestro staff.<\/p>\n\n\n\n<p>Una vez terminada la reservaci\u00f2n y recibida la mail de confirmaci\u00f2n, dentro de algunos d\u00ecas seran contactados via mail para ulteriores comunicaciones no especificadas como el orario de llegada.<\/p>\n\n\n\n<p>Tambi\u00e8n deseamos recordarles a todos que por cada reservaci\u00f2n nuestro staff les pedir\u00e0 la cantidad de la primera noche de vuestra carta de credito ( o si no estan en poder de una carta de credito les pediremos el envio por medio de un giro postal y\/o de un giro bancario) un mes exacto antes de vuestra llegada, con finalidad de \u201cdeposito no reembolsable\u201d. De todo modo ser\u00e0n informados a tiempo.<\/p>\n\n\n\n<div style=\"height:20px\" aria-hidden=\"true\" class=\"wp-block-spacer\"><\/div>\n\n\n\n<h1 class=\"wp-block-heading\">Descubrir Venecia!<\/h1>\n\n\n\n<p>\u201cVenecia, ciudad unica al mondo, irrepetible, inmortal, indescriptible. En efecto no podr\u00eda encontrar un motivo \u00fanico en apoyo de mi tesis, simplemente es as\u00ed, con todo sus virtudes y sus l\u00edmites Venecia ha sido, es, y para siempre ser\u00e1 la ciudad m\u00e1s linda al mundo\u201d.<\/p>\n\n\n\n<p>Venecia hist\u00f3ricamente se divide en 6 barrios, llamados \u201cSestieri\u201d, m\u00e1s la isla de la Giudecca, llegada a ser&nbsp; parte de la ciudad solamente de reciente, ya que en pasado costituiba lugar de veraneo \u201ccampa\u00f1a\u201d de los nobles venecianos. Entre \u00e9stos 6, el m\u00e1s conocido al&nbsp; mayor parte de los turistas es sin duda San Marco, barrio donde se encuentra el homonima plaza,incluyendo Basilica, Palazzo Ducale y prisiones, Ponte dei sospiri, procuratie e Campanile, el Ponte de Rialto, el teatro La Fenice y la scala Contarini del bovolo, para mentionarne algunos. Los otros barrios no son menos importantes o llenos de encanto del anterior: Castello, adyacente a San Marco que despu\u00e8s de haber superado Arsenale y Biennale, llega hasta a el Stadio Penzo; Dorsoduro \u201cpancia del pesce\u201dsi se mira a Venecia como un grande pescado, capaz de ofrecer varios ocaciones culturales, dal Guggenheim a la Punta de la Dogana ( fundaci\u00f3n Pinault), a la universidad Ca\u2019 Foscari, a Ca\u2019 Rezzonico, y sobre todo a las Gallerie dell\u2019 Accademia. Santa Croce y S. Polo casi no se distinguen,&nbsp; pequenos y adyacentes, intrincado en aquellos laberintos infinidos de calles desanudan aparentemente carente de un sentido l\u00f3gico pero en realidad concebido en manera perfectamente racional para cortar campos y plazoleta y facilitar la calle al caminante: Campo S.Polo , la inglesia del Frari, S.Rocco, el Erbaria, S. Giovanni Evangelista, Ca\u2019 Pesaro, palacio Querini Dobois, el Fontego dei Turchi. Por fin Cannaregio, coraz\u00f2n pulsante de la Venecia veraz, con sus calles un tiempo de mala fama, ahora batido por el turismo, lugar de encuentro de venecianos y turistas, fascinante y lleno de esquinas maravillosos, da la inglesia de los Milagres al Ghetto ebraico, desde Campo San Geremia hasta Ca d\u2019Oro, sin olvidar el m\u00ectico Casin\u00f3 de Venecia.<\/p>\n\n\n\n<p>Dos son las puertas principales de Venecia, respectivamente la estaci\u00f3n Ferroviaria de S.Lucia y Piazzale Roma, donde paran los autob\u00fas, el ultimo punto donde es posible llegar y aparcar el coche si llegais en la ciudad con medios proprio; a partir del 2008 el contestado puente de Calatrava ( o de la Costituzione) ha unido&nbsp; los dos lugares m\u00e1s transitados de la ciudad. Llegando a la estaci\u00f3n S.Lucia la vista es maravillosa: el Canal Grande, en toda su maravilla, largo su ribera se encuentran palacios de una hermosura irreal, mediante el puente de los Scalzi, de m\u00e0rmol blanco, elegante y ligero como una&nbsp; lib\u00e8lula, y en el marco la inglesia de S.Simeon Piccolo, capaz de recordar el Pantheon de Roma. Continuando largo la calle principal, llamada Lista di Spagna, pueden encontrar todo lo que podeis necesitar: tiendas bar, restaurantes hotels, apartamentos por uso turistico, y incluso internet point, hasta llegar al puente delle Guglie, donde teneis que decidir si continuar en el incanto del Ghetto de Venecia, estupenda zona veneciana, llena de encanto con su sinagogas, el museo y tiendas ebraicas y todo lo que de esto hace parte.<\/p>\n","protected":false},"excerpt":{"rendered":"<p>Apartmentsvenice.org&nbsp;es un portal de busqueda y reservaci\u00f2n de apartamentos por uso turistico en Venecia. Nuestra oferta rica e igualmente valida esperencia consolidada en m\u00e0s de una d\u00e8cada de actividad en Venecia, sea online y offline, permite a todos aquellos que desean descubrir el encanto de la ciudad m\u00e0s bella del mundo de encontrar la soluci\u00f2n [&hellip;]<\/p>\n","protected":false},"author":1,"featured_media":1631,"parent":0,"menu_order":0,"comment_status":"closed","ping_status":"closed","template":"","meta":{"_acf_changed":false,"footnotes":""},"class_list":["post-947","page","type-page","status-publish","has-post-thumbnail","hentry"],"acf":[],"_links":{"self":[{"href":"https:\/\/apartmentsvenice.org\/es\/wp-json\/wp\/v2\/pages\/947","targetHints":{"allow":["GET"]}}],"collection":[{"href":"https:\/\/apartmentsvenice.org\/es\/wp-json\/wp\/v2\/pages"}],"about":[{"href":"https:\/\/apartmentsvenice.org\/es\/wp-json\/wp\/v2\/types\/page"}],"author":[{"embeddable":true,"href":"https:\/\/apartmentsvenice.org\/es\/wp-json\/wp\/v2\/users\/1"}],"replies":[{"embeddable":true,"href":"https:\/\/apartmentsvenice.org\/es\/wp-json\/wp\/v2\/comments?post=947"}],"version-history":[{"count":2,"href":"https:\/\/apartmentsvenice.org\/es\/wp-json\/wp\/v2\/pages\/947\/revisions"}],"predecessor-version":[{"id":1116,"href":"https:\/\/apartmentsvenice.org\/es\/wp-json\/wp\/v2\/pages\/947\/revisions\/1116"}],"wp:featuredmedia":[{"embeddable":true,"href":"https:\/\/apartmentsvenice.org\/es\/wp-json\/wp\/v2\/media\/1631"}],"wp:attachment":[{"href":"https:\/\/apartmentsvenice.org\/es\/wp-json\/wp\/v2\/media?parent=947"}],"curies":[{"name":"wp","href":"https:\/\/api.w.org\/{rel}","templated":true}]}}