{"id":928,"date":"2025-09-22T08:06:53","date_gmt":"2025-09-22T08:06:53","guid":{"rendered":"https:\/\/apartmentsvenice.org\/?page_id=928"},"modified":"2025-10-01T11:04:48","modified_gmt":"2025-10-01T11:04:48","slug":"contacto","status":"publish","type":"page","link":"https:\/\/apartmentsvenice.org\/es\/contacto\/","title":{"rendered":"Contacto"},"content":{"rendered":"\n<p>\u00bfTienes preguntas o deseas m\u00e1s informaci\u00f3n sobre nuestros apartamentos?<br>Puedes contactarnos directamente por tel\u00e9fono o por correo electr\u00f3nico, estaremos encantados de ayudarte.<\/p>\n\n\n\n<p>O si lo prefieres, completa el formulario a continuaci\u00f3n: \u00a1te responderemos lo antes posible!<\/p>\n","protected":false},"excerpt":{"rendered":"<p>\u00bfTienes preguntas o deseas m\u00e1s informaci\u00f3n sobre nuestros apartamentos?Puedes contactarnos directamente por tel\u00e9fono o por correo electr\u00f3nico, estaremos encantados de ayudarte. O si lo prefieres, completa el formulario a continuaci\u00f3n: \u00a1te responderemos lo antes posible!<\/p>\n","protected":false},"author":1,"featured_media":922,"parent":0,"menu_order":0,"comment_status":"closed","ping_status":"closed","template":"templates\/contatti.php","meta":{"_acf_changed":false,"footnotes":""},"class_list":["post-928","page","type-page","status-publish","has-post-thumbnail","hentry"],"acf":[],"_links":{"self":[{"href":"https:\/\/apartmentsvenice.org\/es\/wp-json\/wp\/v2\/pages\/928","targetHints":{"allow":["GET"]}}],"collection":[{"href":"https:\/\/apartmentsvenice.org\/es\/wp-json\/wp\/v2\/pages"}],"about":[{"href":"https:\/\/apartmentsvenice.org\/es\/wp-json\/wp\/v2\/types\/page"}],"author":[{"embeddable":true,"href":"https:\/\/apartmentsvenice.org\/es\/wp-json\/wp\/v2\/users\/1"}],"replies":[{"embeddable":true,"href":"https:\/\/apartmentsvenice.org\/es\/wp-json\/wp\/v2\/comments?post=928"}],"version-history":[{"count":2,"href":"https:\/\/apartmentsvenice.org\/es\/wp-json\/wp\/v2\/pages\/928\/revisions"}],"predecessor-version":[{"id":1027,"href":"https:\/\/apartmentsvenice.org\/es\/wp-json\/wp\/v2\/pages\/928\/revisions\/1027"}],"wp:featuredmedia":[{"embeddable":true,"href":"https:\/\/apartmentsvenice.org\/es\/wp-json\/wp\/v2\/media\/922"}],"wp:attachment":[{"href":"https:\/\/apartmentsvenice.org\/es\/wp-json\/wp\/v2\/media?parent=928"}],"curies":[{"name":"wp","href":"https:\/\/api.w.org\/{rel}","templated":true}]}}